{"id":488,"date":"2018-11-26T13:23:29","date_gmt":"2018-11-26T12:23:29","guid":{"rendered":"http:\/\/www.land-apotheke.at\/willkommen\/?page_id=488"},"modified":"2018-11-26T17:42:15","modified_gmt":"2018-11-26T16:42:15","slug":"spagyrik","status":"publish","type":"page","link":"https:\/\/www.land-apotheke.at\/willkommen\/spagyrik","title":{"rendered":"Spagyrik"},"content":{"rendered":"<div  class='avia-slideshow av-av_slideshow-0a9f009533e90ff88e9ed3d6eda21a63 avia-slideshow-magazine av_slideshow avia-fade-slider  avia-builder-el-0  el_before_av_one_fifth  avia-builder-el-first  av-slideshow-ui av-control-hidden av-no-slider-navigation av-hide-nav-arrows av-slideshow-autoplay av-loop-endless av-loop-manual-endless av-default-height-applied avia-slideshow-1' data-slideshow-options=\"{&quot;animation&quot;:&quot;fade&quot;,&quot;autoplay&quot;:true,&quot;loop_autoplay&quot;:&quot;endless&quot;,&quot;interval&quot;:5,&quot;loop_manual&quot;:&quot;manual-endless&quot;,&quot;autoplay_stopper&quot;:false,&quot;noNavigation&quot;:true,&quot;bg_slider&quot;:false,&quot;keep_padding&quot;:false,&quot;hoverpause&quot;:false,&quot;show_slide_delay&quot;:0}\"  itemprop=\"image\" itemscope=\"itemscope\" itemtype=\"https:\/\/schema.org\/ImageObject\" ><ul class='avia-slideshow-inner ' style='padding-bottom: 52.816901408451%;'><li  class='avia-slideshow-slide av-av_slideshow-0a9f009533e90ff88e9ed3d6eda21a63__0  slide-1 slide-odd'><div data-rel='slideshow-1' class='avia-slide-wrap '   ><img fetchpriority=\"high\" class=\"wp-image-491 avia-img-lazy-loading-not-491\"  src='https:\/\/www.land-apotheke.at\/willkommen\/wp-content\/uploads\/2018\/11\/Heidak_A-1400x450-710x375.jpg' width='710' height='375' title='Heidak_A-1400x450' alt=''  itemprop=\"thumbnailUrl\"   \/><\/div><\/li><li  class='avia-slideshow-slide av-av_slideshow-0a9f009533e90ff88e9ed3d6eda21a63__1  slide-2 slide-even'><div data-rel='slideshow-1' class='avia-slide-wrap '   ><img fetchpriority=\"high\" class=\"wp-image-490 avia-img-lazy-loading-not-490\"  src='https:\/\/www.land-apotheke.at\/willkommen\/wp-content\/uploads\/2018\/11\/Heidak_B-1400x450-710x375.jpg' width='710' height='375' title='Heidak_B-1400x450' alt=''  itemprop=\"thumbnailUrl\"   \/><\/div><\/li><\/ul><div class='avia-slideshow-arrows avia-slideshow-controls' ><a href='#prev' class='prev-slide ' aria-hidden='true' data-av_icon='\ue87c' data-av_iconfont='entypo-fontello'  tabindex='-1'>Zur\u00fcck<\/a><a href='#next' class='next-slide ' aria-hidden='true' data-av_icon='\ue87d' data-av_iconfont='entypo-fontello'  tabindex='-1'>Weiter<\/a><\/div><\/div>\n\n<style type=\"text\/css\" data-created_by=\"avia_inline_auto\" id=\"style-css-av-av_one_fifth-352b07ef7d3bc99b2e9f92e7a9e06bdb\">\n.flex_column.av-av_one_fifth-352b07ef7d3bc99b2e9f92e7a9e06bdb{\nborder-radius:0px 0px 0px 0px;\npadding:0px 0px 0px 0px;\n}\n<\/style>\n<div  class='flex_column av-av_one_fifth-352b07ef7d3bc99b2e9f92e7a9e06bdb av_one_fifth  avia-builder-el-1  el_after_av_slideshow  el_before_av_four_fifth  first flex_column_div av-zero-column-padding  '     ><\/div>\n\n<style type=\"text\/css\" data-created_by=\"avia_inline_auto\" id=\"style-css-av-av_four_fifth-2a64de42b738552fe666ca889af77e28\">\n.flex_column.av-av_four_fifth-2a64de42b738552fe666ca889af77e28{\nborder-radius:0px 0px 0px 0px;\npadding:0px 0px 0px 0px;\n}\n<\/style>\n<div  class='flex_column av-av_four_fifth-2a64de42b738552fe666ca889af77e28 av_four_fifth  avia-builder-el-2  el_after_av_one_fifth  avia-builder-el-last  flex_column_div av-zero-column-padding  '     ><section  class='av_textblock_section av-av_textblock-396ddf1f42196ca838231e61a4602801 '   itemscope=\"itemscope\" itemtype=\"https:\/\/schema.org\/CreativeWork\" ><div class='avia_textblock'  itemprop=\"text\" ><hr \/>\n<h4>Spagyrik<\/h4>\n<p>Wir freuen uns neu in der Land Apotheke Pinsdorf Spagyrische Mischungen individuell f\u00fcr fast alle k\u00f6rperliche und seelisch-psychischen Beschwerden anbieten zu k\u00f6nnen.<\/p>\n<p>Bei Spagyrischen Mischungen handelt es sich um hochwirksame pflanzliche Arzneimittel, die bei uns vorr\u00e4tig sind und frisch f\u00fcr Kunden gemischt werden. Diese Essenzen k\u00f6nnen f\u00fcr Erwachsene, Kinder und Tiere angewandt werden und auch \u00e4u\u00dferlich aufgetragen werden.<\/p>\n<p>Bei der Auswahl versuchen wir den Menschen als Gesamtheit zu betrachten und ganz individuell auf das Beschwerdenbild einzugehen.<br \/>\nWeiters bieten wir bew\u00e4hrte Standart-Mischungen wie z.B. \u201eStarke Abwehr\u201c, \u201eSchnupfennase\u201c, \u201eStarke Nerven\u201c an, die wir selbst in unserem Team mit gro\u00dfem Erfolg getestet haben.<\/p>\n<p>Mehr Informationen finden Sie <span style=\"color: #99cc00;\"><a style=\"color: #99cc00;\" href=\"https:\/\/www.land-apotheke.at\/willkommen\/wp-content\/uploads\/2018\/11\/Brosch_Spagyrik.pdf\" target=\"_blank\" rel=\"noopener noreferrer\">HIER<\/a>.<\/span><\/p>\n<\/div><\/section><\/div>\n","protected":false},"excerpt":{"rendered":"","protected":false},"author":1,"featured_media":0,"parent":0,"menu_order":0,"comment_status":"closed","ping_status":"closed","template":"","meta":{"footnotes":""},"_links":{"self":[{"href":"https:\/\/www.land-apotheke.at\/willkommen\/wp-json\/wp\/v2\/pages\/488"}],"collection":[{"href":"https:\/\/www.land-apotheke.at\/willkommen\/wp-json\/wp\/v2\/pages"}],"about":[{"href":"https:\/\/www.land-apotheke.at\/willkommen\/wp-json\/wp\/v2\/types\/page"}],"author":[{"embeddable":true,"href":"https:\/\/www.land-apotheke.at\/willkommen\/wp-json\/wp\/v2\/users\/1"}],"replies":[{"embeddable":true,"href":"https:\/\/www.land-apotheke.at\/willkommen\/wp-json\/wp\/v2\/comments?post=488"}],"version-history":[{"count":7,"href":"https:\/\/www.land-apotheke.at\/willkommen\/wp-json\/wp\/v2\/pages\/488\/revisions"}],"predecessor-version":[{"id":512,"href":"https:\/\/www.land-apotheke.at\/willkommen\/wp-json\/wp\/v2\/pages\/488\/revisions\/512"}],"wp:attachment":[{"href":"https:\/\/www.land-apotheke.at\/willkommen\/wp-json\/wp\/v2\/media?parent=488"}],"curies":[{"name":"wp","href":"https:\/\/api.w.org\/{rel}","templated":true}]}}